{"id":10338,"date":"2025-09-10T20:37:58","date_gmt":"2025-09-10T18:37:58","guid":{"rendered":"https:\/\/starqstrom.de\/?page_id=10338"},"modified":"2025-11-06T13:23:15","modified_gmt":"2025-11-06T12:23:15","slug":"impressum","status":"publish","type":"page","link":"https:\/\/old.starqstrom.de\/starqstrom\/impressum\/","title":{"rendered":"STARQstrom | Impressum"},"content":{"rendered":"\t\t<div data-elementor-type=\"wp-page\" data-elementor-id=\"10338\" class=\"elementor elementor-10338\" data-elementor-post-type=\"page\">\n\t\t\t\t        <section class=\"elementor-section elementor-top-section elementor-element elementor-element-ff76a47 elementor-section-stretched pxl-row-scroll-fixed elementor-section-boxed elementor-section-height-default elementor-section-height-default pxl-zoom-point-false pxl-section-overflow-visible pxl-section-fix-none pxl-bg-color-none pxl-section-overlay-none\" data-id=\"ff76a47\" data-element_type=\"section\" data-settings=\"{&quot;stretch_section&quot;:&quot;section-stretched&quot;}\">\n\n                \n                <div class=\"elementor-container elementor-column-gap-extended \">\n                <div class=\"elementor-column elementor-col-100 elementor-top-column elementor-element elementor-element-763af99 pxl-column-none pxl-column-overflow-hidden-no\" data-id=\"763af99\" data-element_type=\"column\">\r\n        <div class=\"elementor-widget-wrap elementor-element-populated\">\r\n                     \r\n        \t\t<div class=\"elementor-element elementor-element-a6d67b8 elementor-widget elementor-widget-pxl_heading\" data-id=\"a6d67b8\" data-element_type=\"widget\" data-widget_type=\"pxl_heading.default\">\n\t\t\t\t<div class=\"elementor-widget-container\">\n\t\t\t\t\t\n<div id=\"pxl-pxl_heading-a6d67b8-2065\" class=\"pxl-heading px-sub-title-default-style \">\n\t<div class=\"pxl-heading--inner\">\n\t\t\n\t\t<h3 class=\"pxl-item--title style-default highlight-default \" data-wow-delay=\"ms\">\n\n\t\t\t<span class=\"pxl-heading--text\">\n\n\t\t\t\t\t\t\t\t\tImpressum\t\n\t\t\t\t\t\n\t\t\t\t\n\t\t\t<\/span>\n\t\t<\/h3>\n\t\t\n\t<\/div>\n<\/div>\t\t\t\t<\/div>\n\t\t\t\t<\/div>\n\t\t\t\t<div class=\"elementor-element elementor-element-224b53f elementor-widget elementor-widget-pxl_text_editor\" data-id=\"224b53f\" data-element_type=\"widget\" data-widget_type=\"pxl_text_editor.default\">\n\t\t\t\t<div class=\"elementor-widget-container\">\n\t\t\t\t\t<div class=\"pxl-text-editor \">\n\t<div class=\"pxl-item--inner  \" data-wow-delay=\"ms\">\n\t\t<p class=\"p1\">Angaben gem\u00e4\u00df \u00a7 5 Digitale-Dienste-Gesetz (DDG):\u00a0<\/p>\t\t\n\t<\/div>\n<\/div>\t\t\t\t<\/div>\n\t\t\t\t<\/div>\n\t\t\t\t<div class=\"elementor-element elementor-element-8b61fcc elementor-widget elementor-widget-pxl_text_editor\" data-id=\"8b61fcc\" data-element_type=\"widget\" data-widget_type=\"pxl_text_editor.default\">\n\t\t\t\t<div class=\"elementor-widget-container\">\n\t\t\t\t\t<div class=\"pxl-text-editor \">\n\t<div class=\"pxl-item--inner  \" data-wow-delay=\"ms\">\n\t\t<p><span data-contrast=\"none\"><b>STARQstrom<\/b><\/span><span data-contrast=\"none\">\u202fist eine Marke der\u202f<\/span><b><span data-contrast=\"none\">MPSV GmbH.<\/span><\/b><span data-ccp-props=\"{&quot;134233117&quot;:true,&quot;134233118&quot;:true,&quot;201341983&quot;:0,&quot;335559740&quot;:240}\">\u00a0<\/span><\/p><p><b><span data-contrast=\"none\">MPSV GmbH<\/span><\/b>\u00a0<br \/><span data-contrast=\"none\">Schillerstra\u00dfe 6<\/span>\u00a0<br \/><span data-contrast=\"none\">61476 Kronberg im Taunus<\/span><span data-ccp-props=\"{&quot;134233117&quot;:true,&quot;134233118&quot;:true,&quot;201341983&quot;:0,&quot;335559740&quot;:240}\">\u00a0<\/span><\/p><p><span data-contrast=\"none\">Tel: 0151 42878388<br \/>E-Mail:\u202fvertrieb@starqstrom.de<\/span>\u00a0<br \/><span data-contrast=\"none\">Servicezeiten: Mo.\u2013Fr. 08:00 \u2013 17:00 Uhr<\/span><span data-ccp-props=\"{&quot;134233117&quot;:true,&quot;134233118&quot;:true,&quot;201341983&quot;:0,&quot;335559740&quot;:240}\">\u00a0<\/span><\/p><p><b><span data-contrast=\"none\">Vertreten durch die Gesch\u00e4ftsf\u00fchrer:<\/span><\/b>\u00a0<br \/><span data-contrast=\"none\">Dr. Karl Peter Vest<\/span>\u00a0<br \/><span data-contrast=\"none\">Friedrich Mattes Kisters (geb. Sch\u00e4fers)<\/span><span data-ccp-props=\"{&quot;134233117&quot;:true,&quot;134233118&quot;:true,&quot;201341983&quot;:0,&quot;335559740&quot;:240}\">\u00a0<\/span><\/p><p><span data-contrast=\"none\">Registergericht: Amtsgericht K\u00f6nigstein im Taunus<\/span>\u00a0<br \/><span data-contrast=\"none\">Registernummer: HRB 12151<\/span>\u00a0<br \/><span data-contrast=\"none\">EUID: DEM1203.HRB12151<\/span>\u00a0<br \/><span data-contrast=\"none\">Umsatzsteuer-Identifikationsnummer gem\u00e4\u00df \u00a7 27a UStG:\u202f<\/span><b><span data-contrast=\"none\">DE454690026<\/span><\/b><span data-ccp-props=\"{&quot;134233117&quot;:true,&quot;134233118&quot;:true,&quot;201341983&quot;:0,&quot;335559740&quot;:240}\">\u00a0<\/span><\/p><p><b><span data-contrast=\"none\">Zust\u00e4ndige Aufsichtsbeh\u00f6rde (Energiewirtschaft):<\/span><\/b>\u00a0<br \/><span data-contrast=\"none\">Bundesnetzagentur f\u00fcr Elektrizit\u00e4t, Gas, Telekommunikation, Post und Eisenbahnen<\/span>\u00a0<br \/><span data-contrast=\"none\">Tulpenfeld 4, 53113 Bonn<\/span>\u00a0<br \/><a href=\"http:\/\/www.bundesnetzagentur.de\/\"><span data-contrast=\"none\">www.bundesnetzagentur.de<\/span><\/a><span data-contrast=\"none\">\u00a0<\/span><span data-ccp-props=\"{&quot;134233117&quot;:true,&quot;134233118&quot;:true,&quot;201341983&quot;:0,&quot;335559740&quot;:240}\">\u00a0<\/span><\/p><p><b><span data-contrast=\"none\">T\u00e4tigkeitsbeschreibung:<\/span><\/b>\u00a0<br \/><span data-contrast=\"none\">Die Gesellschaft betreibt die Vermarktung von Energie als Energieversorger, erbringt energiewirtschaftliche Dienstleistungen, ber\u00e4t Unternehmen hinsichtlich Investitionen in erneuerbare Energieerzeugung, Energiespeicherung und Lastmanagement und beteiligt sich an Unternehmen der Energiebranche.<\/span><span data-ccp-props=\"{&quot;134233117&quot;:true,&quot;134233118&quot;:true,&quot;201341983&quot;:0,&quot;335559740&quot;:240}\">\u00a0<\/span><\/p>\t\t\n\t<\/div>\n<\/div>\t\t\t\t<\/div>\n\t\t\t\t<\/div>\n\t\t        <section class=\"elementor-section elementor-inner-section elementor-element elementor-element-d17d707 elementor-section-full_width elementor-hidden-widescreen elementor-hidden-desktop elementor-hidden-laptop elementor-hidden-tablet_extra elementor-hidden-tablet elementor-hidden-mobile elementor-section-height-default elementor-section-height-default pxl-row-scroll-none pxl-zoom-point-false pxl-section-overflow-visible pxl-section-fix-none pxl-full-content-with-space-none pxl-bg-color-none pxl-section-overlay-none\" data-id=\"d17d707\" data-element_type=\"section\">\n\n                \n                <div class=\"elementor-container elementor-column-gap-no \">\n                <div class=\"elementor-column elementor-col-100 elementor-inner-column elementor-element elementor-element-95dcc41 pxl-column-none pxl-column-overflow-hidden-no\" data-id=\"95dcc41\" data-element_type=\"column\">\r\n        <div class=\"elementor-widget-wrap elementor-element-populated\">\r\n                     \r\n        \t\t<div class=\"elementor-element elementor-element-58503e3 elementor-widget elementor-widget-pxl_text_editor\" data-id=\"58503e3\" data-element_type=\"widget\" data-widget_type=\"pxl_text_editor.default\">\n\t\t\t\t<div class=\"elementor-widget-container\">\n\t\t\t\t\t<div class=\"pxl-text-editor \">\n\t<div class=\"pxl-item--inner  \" data-wow-delay=\"ms\">\n\t\t<p class=\"p1\">Verweise und Links<\/p>\t\t\n\t<\/div>\n<\/div>\t\t\t\t<\/div>\n\t\t\t\t<\/div>\n\t\t\t\t<div class=\"elementor-element elementor-element-1574b7b elementor-widget elementor-widget-pxl_text_editor\" data-id=\"1574b7b\" data-element_type=\"widget\" data-widget_type=\"pxl_text_editor.default\">\n\t\t\t\t<div class=\"elementor-widget-container\">\n\t\t\t\t\t<div class=\"pxl-text-editor \">\n\t<div class=\"pxl-item--inner  \" data-wow-delay=\"ms\">\n\t\tBei direkten oder indirekten Verweisen auf externe Webseiten (&#8220;Links&#8221;), die au\u00dferhalb des Verantwortungsbereiches des Anbieters liegen, w\u00fcrde eine Haftungsverpflichtung\nausschlie\u00dflich in dem Fall in Kraft treten, in dem der Anbieter von den Inhalten Kenntnis hat und es ihm technisch m\u00f6glich und zumutbar w\u00e4re, die Nutzung im Falle\nrechtswidriger Inhalte zu verhindern. Der Anbieter erkl\u00e4rt hiermit ausdr\u00fccklich, dass zum Zeitpunkt der Linksetzung keine illegalen Inhalte auf den zu verlinkenden Seiten\nerkennbar waren. Auf die aktuelle und zuk\u00fcnftige Gestaltung, die Inhalte oder die Urheberschaft der verlinkten\/verkn\u00fcpften Seiten hat der Anbieter keinerlei Einfluss.\nDeshalb distanziert er sich hiermit ausdr\u00fccklich von allen Inhalten aller verlinkten\/verkn\u00fcpften Seiten, die nach der Linksetzung ver\u00e4ndert wurden. Diese Feststellung gilt f\u00fcr\nalle innerhalb des eigenen Internetangebotes gesetzten Links und Verweise sowie f\u00fcr Fremdeintr\u00e4ge in vom Anbieter eingerichteten G\u00e4steb\u00fcchern, Diskussionsforen und\nMailinglisten. F\u00fcr illegale, fehlerhafte oder unvollst\u00e4ndige Inhalte und insbesondere f\u00fcr Sch\u00e4den, die aus der Nutzung oder Nichtnutzung solcherart dargebotener\nInformationen entstehen, haftet allein der Anbieter der Seite, auf welche verwiesen wurde, nicht derjenige, der \u00fcber Links auf die jeweilige Ver\u00f6ffentlichung lediglich\nverweist.\t\t\n\t<\/div>\n<\/div>\t\t\t\t<\/div>\n\t\t\t\t<\/div>\n\t\t            <\/div>\r\n        <\/div>\r\n        \t\t\t<\/div>\n\t\t<\/section>\n\t\t        <section class=\"elementor-section elementor-inner-section elementor-element elementor-element-c65f3f2 elementor-section-full_width elementor-hidden-widescreen elementor-hidden-desktop elementor-hidden-laptop elementor-hidden-tablet_extra elementor-hidden-tablet elementor-hidden-mobile elementor-section-height-default elementor-section-height-default pxl-row-scroll-none pxl-zoom-point-false pxl-section-overflow-visible pxl-section-fix-none pxl-full-content-with-space-none pxl-bg-color-none pxl-section-overlay-none\" data-id=\"c65f3f2\" data-element_type=\"section\">\n\n                \n                <div class=\"elementor-container elementor-column-gap-no \">\n                <div class=\"elementor-column elementor-col-100 elementor-inner-column elementor-element elementor-element-ce09cb4 pxl-column-none pxl-column-overflow-hidden-no\" data-id=\"ce09cb4\" data-element_type=\"column\">\r\n        <div class=\"elementor-widget-wrap elementor-element-populated\">\r\n                     \r\n        \t\t<div class=\"elementor-element elementor-element-e8df7fc elementor-widget elementor-widget-pxl_text_editor\" data-id=\"e8df7fc\" data-element_type=\"widget\" data-widget_type=\"pxl_text_editor.default\">\n\t\t\t\t<div class=\"elementor-widget-container\">\n\t\t\t\t\t<div class=\"pxl-text-editor \">\n\t<div class=\"pxl-item--inner  \" data-wow-delay=\"ms\">\n\t\t<p class=\"p1\">Urheber- und Kennzeichenrecht\n<\/p>\t\t\n\t<\/div>\n<\/div>\t\t\t\t<\/div>\n\t\t\t\t<\/div>\n\t\t\t\t<div class=\"elementor-element elementor-element-20ce3c0 elementor-widget elementor-widget-pxl_text_editor\" data-id=\"20ce3c0\" data-element_type=\"widget\" data-widget_type=\"pxl_text_editor.default\">\n\t\t\t\t<div class=\"elementor-widget-container\">\n\t\t\t\t\t<div class=\"pxl-text-editor \">\n\t<div class=\"pxl-item--inner  \" data-wow-delay=\"ms\">\n\t\tDer Anbieter ist bestrebt, in allen Publikationen die Urheberrechte der verwendeten Grafiken, Tondokumente, Videosequenzen und Texte zu beachten, von ihm selbst\nerstellte Grafiken, Tondokumente, Videosequenzen und Texte zu nutzen oder auf lizenzfreie Grafiken, Tondokumente, Videosequenzen und Texte zur\u00fcckzugreifen. Alle\ninnerhalb des Internetangebotes genannten und ggf. durch Dritte gesch\u00fctzten Marken- und Warenzeichen unterliegen uneingeschr\u00e4nkt den Bestimmungen des jeweils\ng\u00fcltigen Kennzeichenrechts und den Besitzrechten der jeweiligen eingetragenen Eigent\u00fcmer. Allein aufgrund der blo\u00dfen Nennung ist nicht der Schluss zu ziehen, dass\nMarkenzeichen nicht durch Rechte Dritter gesch\u00fctzt sind! Das Copyright f\u00fcr ver\u00f6ffentlichte, vom Anbieter selbst erstellte Objekte bleibt allein beim Anbieter der Seiten. Eine\nVervielf\u00e4ltigung oder Verwendung solcher Grafiken, Tondokumente, Videosequenzen und Texte in anderen elektronischen oder gedruckten Publikationen ist ohne\nausdr\u00fcckliche Zustimmung des Anbieters nicht gestattet.\t\t\n\t<\/div>\n<\/div>\t\t\t\t<\/div>\n\t\t\t\t<\/div>\n\t\t            <\/div>\r\n        <\/div>\r\n        \t\t\t<\/div>\n\t\t<\/section>\n\t\t        <section class=\"elementor-section elementor-inner-section elementor-element elementor-element-01265e4 elementor-section-full_width elementor-hidden-widescreen elementor-hidden-desktop elementor-hidden-laptop elementor-hidden-tablet_extra elementor-hidden-tablet elementor-hidden-mobile elementor-section-height-default elementor-section-height-default pxl-row-scroll-none pxl-zoom-point-false pxl-section-overflow-visible pxl-section-fix-none pxl-full-content-with-space-none pxl-bg-color-none pxl-section-overlay-none\" data-id=\"01265e4\" data-element_type=\"section\">\n\n                \n                <div class=\"elementor-container elementor-column-gap-no \">\n                <div class=\"elementor-column elementor-col-100 elementor-inner-column elementor-element elementor-element-872e295 pxl-column-none pxl-column-overflow-hidden-no\" data-id=\"872e295\" data-element_type=\"column\">\r\n        <div class=\"elementor-widget-wrap elementor-element-populated\">\r\n                     \r\n        \t\t<div class=\"elementor-element elementor-element-725c155 elementor-widget elementor-widget-pxl_text_editor\" data-id=\"725c155\" data-element_type=\"widget\" data-widget_type=\"pxl_text_editor.default\">\n\t\t\t\t<div class=\"elementor-widget-container\">\n\t\t\t\t\t<div class=\"pxl-text-editor \">\n\t<div class=\"pxl-item--inner  \" data-wow-delay=\"ms\">\n\t\t<p class=\"p1\"> Datenschutz <\/p>\t\t\n\t<\/div>\n<\/div>\t\t\t\t<\/div>\n\t\t\t\t<\/div>\n\t\t\t\t<div class=\"elementor-element elementor-element-eb20c6a elementor-widget elementor-widget-pxl_text_editor\" data-id=\"eb20c6a\" data-element_type=\"widget\" data-widget_type=\"pxl_text_editor.default\">\n\t\t\t\t<div class=\"elementor-widget-container\">\n\t\t\t\t\t<div class=\"pxl-text-editor \">\n\t<div class=\"pxl-item--inner  \" data-wow-delay=\"ms\">\n\t\tSofern innerhalb des Internetangebotes die M\u00f6glichkeit zur Eingabe pers\u00f6nlicher oder gesch\u00e4ftlicher Daten (Emailadressen, Namen, Anschriften) besteht, so erfolgt die\nPreisgabe dieser Daten seitens des Nutzers auf ausdr\u00fccklich freiwilliger Basis. Die Inanspruchnahme und Bezahlung aller angebotenen Dienste ist &#8211; soweit technisch m\u00f6glich\nund zumutbar &#8211; auch ohne Angabe solcher Daten bzw. unter Angabe anonymisierter Daten oder eines Pseudonyms gestattet. Die Nutzung der im Rahmen des Impressums\noder vergleichbarer Angaben ver\u00f6ffentlichten Kontaktdaten wie Postanschriften, Telefon- und Faxnummern sowie Emailadressen durch Dritte zur \u00dcbersendung von nicht\nausdr\u00fccklich angeforderten Informationen ist nicht gestattet. Rechtliche Schritte gegen die Versender von sogenannten Spam-Mails bei Verst\u00f6\u00dfen gegen dieses Verbot sind\nausdr\u00fccklich vorbehalten.\t\t\n\t<\/div>\n<\/div>\t\t\t\t<\/div>\n\t\t\t\t<\/div>\n\t\t            <\/div>\r\n        <\/div>\r\n        \t\t\t<\/div>\n\t\t<\/section>\n\t\t        <section class=\"elementor-section elementor-inner-section elementor-element elementor-element-e54cf0a elementor-section-full_width elementor-hidden-widescreen elementor-hidden-desktop elementor-hidden-laptop elementor-hidden-tablet_extra elementor-hidden-tablet elementor-hidden-mobile elementor-section-height-default elementor-section-height-default pxl-row-scroll-none pxl-zoom-point-false pxl-section-overflow-visible pxl-section-fix-none pxl-full-content-with-space-none pxl-bg-color-none pxl-section-overlay-none\" data-id=\"e54cf0a\" data-element_type=\"section\">\n\n                \n                <div class=\"elementor-container elementor-column-gap-no \">\n                <div class=\"elementor-column elementor-col-100 elementor-inner-column elementor-element elementor-element-82e51d4 pxl-column-none pxl-column-overflow-hidden-no\" data-id=\"82e51d4\" data-element_type=\"column\">\r\n        <div class=\"elementor-widget-wrap elementor-element-populated\">\r\n                     \r\n        \t\t<div class=\"elementor-element elementor-element-68e15a1 elementor-widget elementor-widget-pxl_text_editor\" data-id=\"68e15a1\" data-element_type=\"widget\" data-widget_type=\"pxl_text_editor.default\">\n\t\t\t\t<div class=\"elementor-widget-container\">\n\t\t\t\t\t<div class=\"pxl-text-editor \">\n\t<div class=\"pxl-item--inner  \" data-wow-delay=\"ms\">\n\t\t<p class=\"p1\">Rechtswirksamkeit dieses Haftungsausschlusses\n<\/p>\t\t\n\t<\/div>\n<\/div>\t\t\t\t<\/div>\n\t\t\t\t<\/div>\n\t\t\t\t<div class=\"elementor-element elementor-element-d6c9b67 elementor-widget elementor-widget-pxl_text_editor\" data-id=\"d6c9b67\" data-element_type=\"widget\" data-widget_type=\"pxl_text_editor.default\">\n\t\t\t\t<div class=\"elementor-widget-container\">\n\t\t\t\t\t<div class=\"pxl-text-editor \">\n\t<div class=\"pxl-item--inner  \" data-wow-delay=\"ms\">\n\t\tDieser Haftungsausschluss ist als Teil des Internetangebotes zu betrachten, von dem aus auf diese Seite verwiesen wurde. Sofern Teile oder einzelne Formulierungen dieses\nTextes der geltenden Rechtslage nicht, nicht mehr oder nicht vollst\u00e4ndig entsprechen sollten, bleiben die \u00fcbrigen Teile des Dokuments in ihrem Inhalt und ihrer G\u00fcltigkeit\ndavon unber\u00fchrt.\n\t\t\n\t<\/div>\n<\/div>\t\t\t\t<\/div>\n\t\t\t\t<\/div>\n\t\t            <\/div>\r\n        <\/div>\r\n        \t\t\t<\/div>\n\t\t<\/section>\n\t\t        <section class=\"elementor-section elementor-inner-section elementor-element elementor-element-70bb3c5 elementor-section-full_width elementor-hidden-widescreen elementor-hidden-desktop elementor-hidden-laptop elementor-hidden-tablet_extra elementor-hidden-tablet elementor-hidden-mobile elementor-section-height-default elementor-section-height-default pxl-row-scroll-none pxl-zoom-point-false pxl-section-overflow-visible pxl-section-fix-none pxl-full-content-with-space-none pxl-bg-color-none pxl-section-overlay-none\" data-id=\"70bb3c5\" data-element_type=\"section\">\n\n                \n                <div class=\"elementor-container elementor-column-gap-no \">\n                <div class=\"elementor-column elementor-col-100 elementor-inner-column elementor-element elementor-element-cf94ab9 pxl-column-none pxl-column-overflow-hidden-no\" data-id=\"cf94ab9\" data-element_type=\"column\">\r\n        <div class=\"elementor-widget-wrap elementor-element-populated\">\r\n                     \r\n        \t\t<div class=\"elementor-element elementor-element-3268118 elementor-widget elementor-widget-pxl_text_editor\" data-id=\"3268118\" data-element_type=\"widget\" data-widget_type=\"pxl_text_editor.default\">\n\t\t\t\t<div class=\"elementor-widget-container\">\n\t\t\t\t\t<div class=\"pxl-text-editor \">\n\t<div class=\"pxl-item--inner  \" data-wow-delay=\"ms\">\n\t\t<p>\u00a9 2025 STARQstrom GmbH &#8211; Alle Rechte vorbehalten<\/p>\t\t\n\t<\/div>\n<\/div>\t\t\t\t<\/div>\n\t\t\t\t<\/div>\n\t\t\t\t<div class=\"elementor-element elementor-element-1644c33 elementor-widget-divider--view-line elementor-widget elementor-widget-divider\" data-id=\"1644c33\" data-element_type=\"widget\" data-widget_type=\"divider.default\">\n\t\t\t\t<div class=\"elementor-widget-container\">\n\t\t\t\t\t\t\t<div class=\"elementor-divider\">\n\t\t\t<span class=\"elementor-divider-separator\">\n\t\t\t\t\t\t<\/span>\n\t\t<\/div>\n\t\t\t\t\t\t<\/div>\n\t\t\t\t<\/div>\n\t\t            <\/div>\r\n        <\/div>\r\n        \t\t\t<\/div>\n\t\t<\/section>\n\t\t            <\/div>\r\n        <\/div>\r\n        \t\t\t<\/div>\n\t\t<\/section>\n\t\t        <section class=\"elementor-section elementor-top-section elementor-element elementor-element-6c4bfab elementor-section-stretched elementor-section-boxed elementor-section-height-default elementor-section-height-default pxl-row-scroll-none pxl-zoom-point-false pxl-section-overflow-visible pxl-section-fix-none pxl-bg-color-none pxl-section-overlay-none\" data-id=\"6c4bfab\" data-element_type=\"section\" data-settings=\"{&quot;stretch_section&quot;:&quot;section-stretched&quot;,&quot;background_background&quot;:&quot;classic&quot;}\">\n\n                \n                <div class=\"elementor-container elementor-column-gap-extended \">\n                <div class=\"elementor-column elementor-col-100 elementor-top-column elementor-element elementor-element-9f59651 pxl-column-none pxl-column-overflow-hidden-no\" data-id=\"9f59651\" data-element_type=\"column\">\r\n        <div class=\"elementor-widget-wrap elementor-element-populated\">\r\n                     \r\n        \t\t<div class=\"elementor-element elementor-element-5c169f5 elementor-widget elementor-widget-pxl_logo\" data-id=\"5c169f5\" data-element_type=\"widget\" data-widget_type=\"pxl_logo.default\">\n\t\t\t\t<div class=\"elementor-widget-container\">\n\t\t\t\t\t    <div class=\"pxl-logo \" data-wow-delay=\"ms\">\r\n        <a href=\"https:\/\/old.starqstrom.de\/starqstrom\/\">            <img fetchpriority=\"high\" decoding=\"async\" width=\"1000\" height=\"155\" src=\"https:\/\/old.starqstrom.de\/starqstrom\/wp-content\/uploads\/250624_TWOSEE_STARQSTROM_CD_Logo_header_dunkel.png\" class=\"attachment-full\" alt=\"\" \/>        <\/a>    <\/div>\r\n\t\t\t\t<\/div>\n\t\t\t\t<\/div>\n\t\t\t\t<div class=\"elementor-element elementor-element-0fe81e8 elementor-widget__width-auto elementor-widget elementor-widget-pxl_link\" data-id=\"0fe81e8\" data-element_type=\"widget\" data-widget_type=\"pxl_link.default\">\n\t\t\t\t<div class=\"elementor-widget-container\">\n\t\t\t\t\t<div class=\"pxl-link-wrap\">\r\n    <h3 class=\"pxl-widget-title pxl-empty\"><\/h3>\r\n            <ul id=\"pxl-link-pxl_link-0fe81e8-8612\" class=\"pxl-link pxl-link-l1 style-default type-horizontal\">\r\n                                <li class=\"pxl-item--link active \">\r\n                        <a class=\"\" href=\"https:\/\/old.starqstrom.de\/starqstrom\/impressum\/\">\r\n                                                        <span class=\"pxl-link--text\">Impressum<\/span>\r\n                        <\/a>\r\n                    <\/li>\r\n                                <li class=\"pxl-item--link  \">\r\n                        <a class=\"\" href=\"https:\/\/old.starqstrom.de\/starqstrom\/datenschutz\/\">\r\n                                                        <span class=\"pxl-link--text\">Datenschutz<\/span>\r\n                        <\/a>\r\n                    <\/li>\r\n                    <\/ul>\r\n    <\/div>\t\t\t\t<\/div>\n\t\t\t\t<\/div>\n\t\t            <\/div>\r\n        <\/div>\r\n        \t\t\t<\/div>\n\t\t<\/section>\n\t\t\t\t<\/div>\n\t\t","protected":false},"excerpt":{"rendered":"<p>Impressum Angaben gem\u00e4\u00df \u00a7 5 Digitale-Dienste-Gesetz (DDG):\u00a0 STARQstrom\u202fist eine Marke der\u202fMPSV GmbH.\u00a0 MPSV GmbH\u00a0Schillerstra\u00dfe 6\u00a061476 Kronberg im Taunus\u00a0 Tel: 0151 42878388E-Mail:\u202fvertrieb@starqstrom.de\u00a0Servicezeiten: Mo.\u2013Fr. 08:00 \u2013 17:00 Uhr\u00a0 Vertreten durch die Gesch\u00e4ftsf\u00fchrer:\u00a0Dr. Karl Peter Vest\u00a0Friedrich Mattes Kisters (geb. Sch\u00e4fers)\u00a0 Registergericht: Amtsgericht K\u00f6nigstein im Taunus\u00a0Registernummer: HRB 12151\u00a0EUID: DEM1203.HRB12151\u00a0Umsatzsteuer-Identifikationsnummer gem\u00e4\u00df \u00a7 27a UStG:\u202fDE454690026\u00a0 Zust\u00e4ndige Aufsichtsbeh\u00f6rde (Energiewirtschaft):\u00a0Bundesnetzagentur f\u00fcr Elektrizit\u00e4t, Gas, [&hellip;]<\/p>\n","protected":false},"author":1,"featured_media":0,"parent":0,"menu_order":0,"comment_status":"closed","ping_status":"closed","template":"elementor_canvas","meta":{"footnotes":""},"class_list":["post-10338","page","type-page","status-publish","hentry"],"_links":{"self":[{"href":"https:\/\/old.starqstrom.de\/starqstrom\/wp-json\/wp\/v2\/pages\/10338","targetHints":{"allow":["GET"]}}],"collection":[{"href":"https:\/\/old.starqstrom.de\/starqstrom\/wp-json\/wp\/v2\/pages"}],"about":[{"href":"https:\/\/old.starqstrom.de\/starqstrom\/wp-json\/wp\/v2\/types\/page"}],"author":[{"embeddable":true,"href":"https:\/\/old.starqstrom.de\/starqstrom\/wp-json\/wp\/v2\/users\/1"}],"replies":[{"embeddable":true,"href":"https:\/\/old.starqstrom.de\/starqstrom\/wp-json\/wp\/v2\/comments?post=10338"}],"version-history":[{"count":40,"href":"https:\/\/old.starqstrom.de\/starqstrom\/wp-json\/wp\/v2\/pages\/10338\/revisions"}],"predecessor-version":[{"id":11466,"href":"https:\/\/old.starqstrom.de\/starqstrom\/wp-json\/wp\/v2\/pages\/10338\/revisions\/11466"}],"wp:attachment":[{"href":"https:\/\/old.starqstrom.de\/starqstrom\/wp-json\/wp\/v2\/media?parent=10338"}],"curies":[{"name":"wp","href":"https:\/\/api.w.org\/{rel}","templated":true}]}}